{"id":388,"date":"2025-07-16T10:04:44","date_gmt":"2025-07-16T13:04:44","guid":{"rendered":"http:\/\/hackerrangers.site\/?page_id=388"},"modified":"2025-10-27T15:03:23","modified_gmt":"2025-10-27T18:03:23","slug":"jogo-de-tabuleiro","status":"publish","type":"page","link":"https:\/\/hackerrangers.com\/pt\/jogo-de-tabuleiro\/","title":{"rendered":"Tabuleiro Hacker Rangers"},"content":{"rendered":"","protected":false},"excerpt":{"rendered":"","protected":false},"author":2,"featured_media":0,"parent":0,"menu_order":0,"comment_status":"closed","ping_status":"closed","template":"template-pages\/products-tab.php","meta":{"content-type":"","inline_featured_image":false,"footnotes":""},"class_list":["post-388","page","type-page","status-publish","hentry"],"yoast_head":"<!-- This site is optimized with the Yoast SEO plugin v27.4 - https:\/\/yoast.com\/product\/yoast-seo-wordpress\/ -->\n<title>Board Game | Hacker Rangers<\/title>\n<meta name=\"description\" content=\"Turn cybersecurity awareness into an immersive, practical, and fun experience with the Hacker Rangers board game.\" \/>\n<meta name=\"robots\" content=\"index, follow, max-snippet:-1, max-image-preview:large, max-video-preview:-1\" \/>\n<link rel=\"canonical\" href=\"https:\/\/hackerrangers.com\/pt\/jogo-de-tabuleiro\/\" \/>\n<meta property=\"og:locale\" content=\"pt_BR\" \/>\n<meta property=\"og:type\" content=\"article\" \/>\n<meta property=\"og:title\" content=\"Board Game | Hacker Rangers\" \/>\n<meta property=\"og:description\" content=\"Turn cybersecurity awareness into an immersive, practical, and fun experience with the Hacker Rangers board game.\" \/>\n<meta property=\"og:url\" content=\"https:\/\/hackerrangers.com\/pt\/jogo-de-tabuleiro\/\" \/>\n<meta property=\"og:site_name\" content=\"Hacker Rangers\" \/>\n<meta property=\"article:modified_time\" content=\"2025-10-27T18:03:23+00:00\" \/>\n<meta name=\"twitter:card\" content=\"summary_large_image\" \/>\n<script type=\"application\/ld+json\" class=\"yoast-schema-graph\">{\"@context\":\"https:\\\/\\\/schema.org\",\"@graph\":[{\"@type\":\"WebPage\",\"@id\":\"https:\\\/\\\/hackerrangers.com\\\/board-game\\\/\",\"url\":\"https:\\\/\\\/hackerrangers.com\\\/board-game\\\/\",\"name\":\"Board Game | Hacker Rangers\",\"isPartOf\":{\"@id\":\"https:\\\/\\\/hackerrangers.com\\\/#website\"},\"datePublished\":\"2025-07-16T13:04:44+00:00\",\"dateModified\":\"2025-10-27T18:03:23+00:00\",\"description\":\"Turn cybersecurity awareness into an immersive, practical, and fun experience with the Hacker Rangers board game.\",\"breadcrumb\":{\"@id\":\"https:\\\/\\\/hackerrangers.com\\\/board-game\\\/#breadcrumb\"},\"inLanguage\":\"pt-BR\",\"potentialAction\":[{\"@type\":\"ReadAction\",\"target\":[\"https:\\\/\\\/hackerrangers.com\\\/board-game\\\/\"]}]},{\"@type\":\"BreadcrumbList\",\"@id\":\"https:\\\/\\\/hackerrangers.com\\\/board-game\\\/#breadcrumb\",\"itemListElement\":[{\"@type\":\"ListItem\",\"position\":1,\"name\":\"In\u00edcio\",\"item\":\"https:\\\/\\\/hackerrangers.com\\\/\"},{\"@type\":\"ListItem\",\"position\":2,\"name\":\"Tabuleiro Hacker Rangers\"}]},{\"@type\":\"WebSite\",\"@id\":\"https:\\\/\\\/hackerrangers.com\\\/#website\",\"url\":\"https:\\\/\\\/hackerrangers.com\\\/\",\"name\":\"Hacker Rangers\",\"description\":\"\",\"publisher\":{\"@id\":\"https:\\\/\\\/hackerrangers.com\\\/#organization\"},\"potentialAction\":[{\"@type\":\"SearchAction\",\"target\":{\"@type\":\"EntryPoint\",\"urlTemplate\":\"https:\\\/\\\/hackerrangers.com\\\/?s={search_term_string}\"},\"query-input\":{\"@type\":\"PropertyValueSpecification\",\"valueRequired\":true,\"valueName\":\"search_term_string\"}}],\"inLanguage\":\"pt-BR\"},{\"@type\":\"Organization\",\"@id\":\"https:\\\/\\\/hackerrangers.com\\\/#organization\",\"name\":\"Hacker Rangers\",\"url\":\"https:\\\/\\\/hackerrangers.com\\\/\",\"logo\":{\"@type\":\"ImageObject\",\"inLanguage\":\"pt-BR\",\"@id\":\"https:\\\/\\\/hackerrangers.com\\\/#\\\/schema\\\/logo\\\/image\\\/\",\"url\":\"https:\\\/\\\/hackerrangers.com\\\/wp-content\\\/uploads\\\/2025\\\/07\\\/logo.svg\",\"contentUrl\":\"https:\\\/\\\/hackerrangers.com\\\/wp-content\\\/uploads\\\/2025\\\/07\\\/logo.svg\",\"width\":104,\"height\":50,\"caption\":\"Hacker Rangers\"},\"image\":{\"@id\":\"https:\\\/\\\/hackerrangers.com\\\/#\\\/schema\\\/logo\\\/image\\\/\"}}]}<\/script>\n<!-- \/ Yoast SEO plugin. -->","yoast_head_json":{"title":"Jogo de Tabuleiro | Hacker Rangers","description":"Transforme a conscientiza\u00e7\u00e3o em ciberseguran\u00e7a em uma experi\u00eancia imersiva, pr\u00e1tica e divertida com o jogo de tabuleiro Hacker Rangers.","robots":{"index":"index","follow":"follow","max-snippet":"max-snippet:-1","max-image-preview":"max-image-preview:large","max-video-preview":"max-video-preview:-1"},"canonical":"https:\/\/hackerrangers.com\/pt\/jogo-de-tabuleiro\/","og_locale":"pt_BR","og_type":"article","og_title":"Board Game | Hacker Rangers","og_description":"Turn cybersecurity awareness into an immersive, practical, and fun experience with the Hacker Rangers board game.","og_url":"https:\/\/hackerrangers.com\/pt\/jogo-de-tabuleiro\/","og_site_name":"Hacker Rangers","article_modified_time":"2025-10-27T18:03:23+00:00","twitter_card":"summary_large_image","schema":{"@context":"https:\/\/schema.org","@graph":[{"@type":"WebPage","@id":"https:\/\/hackerrangers.com\/board-game\/","url":"https:\/\/hackerrangers.com\/board-game\/","name":"Jogo de Tabuleiro | Hacker Rangers","isPartOf":{"@id":"https:\/\/hackerrangers.com\/#website"},"datePublished":"2025-07-16T13:04:44+00:00","dateModified":"2025-10-27T18:03:23+00:00","description":"Transforme a conscientiza\u00e7\u00e3o em ciberseguran\u00e7a em uma experi\u00eancia imersiva, pr\u00e1tica e divertida com o jogo de tabuleiro Hacker Rangers.","breadcrumb":{"@id":"https:\/\/hackerrangers.com\/board-game\/#breadcrumb"},"inLanguage":"pt-BR","potentialAction":[{"@type":"ReadAction","target":["https:\/\/hackerrangers.com\/board-game\/"]}]},{"@type":"BreadcrumbList","@id":"https:\/\/hackerrangers.com\/board-game\/#breadcrumb","itemListElement":[{"@type":"ListItem","position":1,"name":"In\u00edcio","item":"https:\/\/hackerrangers.com\/"},{"@type":"ListItem","position":2,"name":"Tabuleiro Hacker Rangers"}]},{"@type":"WebSite","@id":"https:\/\/hackerrangers.com\/#website","url":"https:\/\/hackerrangers.com\/","name":"Hacker Rangers","description":"","publisher":{"@id":"https:\/\/hackerrangers.com\/#organization"},"potentialAction":[{"@type":"SearchAction","target":{"@type":"EntryPoint","urlTemplate":"https:\/\/hackerrangers.com\/?s={search_term_string}"},"query-input":{"@type":"PropertyValueSpecification","valueRequired":true,"valueName":"search_term_string"}}],"inLanguage":"pt-BR"},{"@type":"Organization","@id":"https:\/\/hackerrangers.com\/#organization","name":"Hacker Rangers","url":"https:\/\/hackerrangers.com\/","logo":{"@type":"ImageObject","inLanguage":"pt-BR","@id":"https:\/\/hackerrangers.com\/#\/schema\/logo\/image\/","url":"https:\/\/hackerrangers.com\/wp-content\/uploads\/2025\/07\/logo.svg","contentUrl":"https:\/\/hackerrangers.com\/wp-content\/uploads\/2025\/07\/logo.svg","width":104,"height":50,"caption":"Hacker Rangers"},"image":{"@id":"https:\/\/hackerrangers.com\/#\/schema\/logo\/image\/"}}]}},"acf":[],"_links":{"self":[{"href":"https:\/\/hackerrangers.com\/pt\/wp-json\/wp\/v2\/pages\/388","targetHints":{"allow":["GET"]}}],"collection":[{"href":"https:\/\/hackerrangers.com\/pt\/wp-json\/wp\/v2\/pages"}],"about":[{"href":"https:\/\/hackerrangers.com\/pt\/wp-json\/wp\/v2\/types\/page"}],"author":[{"embeddable":true,"href":"https:\/\/hackerrangers.com\/pt\/wp-json\/wp\/v2\/users\/2"}],"replies":[{"embeddable":true,"href":"https:\/\/hackerrangers.com\/pt\/wp-json\/wp\/v2\/comments?post=388"}],"version-history":[{"count":0,"href":"https:\/\/hackerrangers.com\/pt\/wp-json\/wp\/v2\/pages\/388\/revisions"}],"wp:attachment":[{"href":"https:\/\/hackerrangers.com\/pt\/wp-json\/wp\/v2\/media?parent=388"}],"curies":[{"name":"wp","href":"https:\/\/api.w.org\/{rel}","templated":true}]}}